{"id":37,"date":"2010-10-08T17:31:12","date_gmt":"2010-10-08T17:31:12","guid":{"rendered":"http:\/\/www.immobilien-sanders.de\/?page_id=37"},"modified":"2010-10-08T17:31:12","modified_gmt":"2010-10-08T17:31:12","slug":"links","status":"publish","type":"page","link":"https:\/\/www.immobilien-sanders.de\/?page_id=37","title":{"rendered":"Links"},"content":{"rendered":"<p id=\"line43\">&#8222;Wir haben auf unserer Homepage Links und Banner zu anderen Seiten gesetzt. F\u00fcr all diese Links und Banner auf unserer Homepage gilt: &#8222;Wir distanzieren uns hiermit ausdr\u00fccklich von allen Inhalten s\u00e4mtlicher gelinkter Seiten und verweisen darauf, dass wir keinen Einfluss auf Gestaltung und Inhalte der verlinkten Seiten haben.&#8220;<\/p>\n","protected":false},"excerpt":{"rendered":"<p>&#8222;Wir haben auf unserer Homepage Links und Banner zu anderen Seiten gesetzt. F\u00fcr all diese Links und Banner auf unserer Homepage gilt: &#8222;Wir distanzieren uns hiermit ausdr\u00fccklich von allen Inhalten s\u00e4mtlicher gelinkter Seiten und verweisen darauf, dass wir keinen Einfluss &hellip; <a href=\"https:\/\/www.immobilien-sanders.de\/?page_id=37\">Weiterlesen <span class=\"meta-nav\">&rarr;<\/span><\/a><\/p>\n","protected":false},"author":1,"featured_media":0,"parent":0,"menu_order":0,"comment_status":"open","ping_status":"open","template":"","meta":{"footnotes":""},"class_list":["post-37","page","type-page","status-publish","hentry"],"_links":{"self":[{"href":"https:\/\/www.immobilien-sanders.de\/index.php?rest_route=\/wp\/v2\/pages\/37","targetHints":{"allow":["GET"]}}],"collection":[{"href":"https:\/\/www.immobilien-sanders.de\/index.php?rest_route=\/wp\/v2\/pages"}],"about":[{"href":"https:\/\/www.immobilien-sanders.de\/index.php?rest_route=\/wp\/v2\/types\/page"}],"author":[{"embeddable":true,"href":"https:\/\/www.immobilien-sanders.de\/index.php?rest_route=\/wp\/v2\/users\/1"}],"replies":[{"embeddable":true,"href":"https:\/\/www.immobilien-sanders.de\/index.php?rest_route=%2Fwp%2Fv2%2Fcomments&post=37"}],"version-history":[{"count":5,"href":"https:\/\/www.immobilien-sanders.de\/index.php?rest_route=\/wp\/v2\/pages\/37\/revisions"}],"predecessor-version":[{"id":49,"href":"https:\/\/www.immobilien-sanders.de\/index.php?rest_route=\/wp\/v2\/pages\/37\/revisions\/49"}],"wp:attachment":[{"href":"https:\/\/www.immobilien-sanders.de\/index.php?rest_route=%2Fwp%2Fv2%2Fmedia&parent=37"}],"curies":[{"name":"wp","href":"https:\/\/api.w.org\/{rel}","templated":true}]}}